{"id":114,"date":"2024-02-28T17:29:32","date_gmt":"2024-02-28T20:29:32","guid":{"rendered":"https:\/\/lq4d.ddns.net\/wp\/?page_id=114"},"modified":"2025-04-03T15:05:12","modified_gmt":"2025-04-03T18:05:12","slug":"cursos","status":"publish","type":"page","link":"https:\/\/lq4d.ddns.net\/?page_id=114","title":{"rendered":"Cursos"},"content":{"rendered":"\n<div class=\"wp-block-cover alignfull is-light has-custom-content-position is-position-top-center\" style=\"min-height:596px;aspect-ratio:unset;\"><span aria-hidden=\"true\" class=\"wp-block-cover__background has-background-dim-100 has-background-dim\" style=\"background-color:#ffffff\"><\/span><div class=\"wp-block-cover__inner-container is-layout-flow wp-block-cover-is-layout-flow\">\n<div class=\"wp-block-cover\"><span aria-hidden=\"true\" class=\"wp-block-cover__background has-background-dim\"><\/span><img decoding=\"async\" width=\"1001\" height=\"572\" class=\"wp-block-cover__image-background wp-image-116\" alt=\"\" src=\"http:\/\/lq4d.ddns.net\/wp\/wp-content\/uploads\/2024\/02\/curso2023.jpg\" data-object-fit=\"cover\"\/><div class=\"wp-block-cover__inner-container is-layout-flow wp-block-cover-is-layout-flow\">\n<h2 class=\"wp-block-heading has-background-color-color has-text-color\" style=\"font-size:32px\"><strong>Cursos para Radioaficionados<\/strong><\/h2>\n\n\n\n<p class=\"has-medium-font-size\"><strong>El Radio Club Quilmes dicta cursos para obtener la licencia de radioaficionado, y tambi\u00e9n para aquellos que quieran ascender de categor\u00eda.<br>Para incorporarse y recibir m\u00e1s informaci\u00f3n, enviar un mail a cursolu4dq@gmail.com.<\/strong><\/p>\n\n\n\n<p class=\"has-medium-font-size\">Te esperamos!!!<\/p>\n\n\n\n<div class=\"wp-block-buttons is-layout-flex wp-block-buttons-is-layout-flex\">\n<div class=\"wp-block-button is-style-fill\"><a class=\"wp-block-button__link has-accent-background-color has-background wp-element-button\" href=\"https:\/\/lq4d.ddns.net\/?p=3063\">Saber m\u00e1s<\/a><\/div>\n<\/div>\n<\/div><\/div>\n\n\n\n<hr class=\"wp-block-separator has-alpha-channel-opacity is-style-wide\"\/>\n\n\n\n<figure class=\"wp-block-gallery alignwide has-nested-images columns-default is-cropped wp-block-gallery-1 is-layout-flex wp-block-gallery-is-layout-flex\">\n<figure data-wp-context=\"{&quot;imageId&quot;:&quot;69d77e71c8110&quot;}\" data-wp-interactive=\"core\/image\" data-wp-key=\"69d77e71c8110\" class=\"wp-block-image size-full is-style-default wp-lightbox-container\"><img decoding=\"async\" width=\"424\" height=\"333\" data-wp-class--hide=\"state.isContentHidden\" data-wp-class--show=\"state.isContentVisible\" data-wp-init=\"callbacks.setButtonStyles\" data-wp-on--click=\"actions.showLightbox\" data-wp-on--load=\"callbacks.setButtonStyles\" data-wp-on-window--resize=\"callbacks.setButtonStyles\" data-id=\"1079\" src=\"http:\/\/lq4d.ddns.net\/wp\/wp-content\/uploads\/2024\/04\/curso-instructores-1.jpg\" alt=\"\" class=\"wp-image-1079\"\/><button\n\t\t\tclass=\"lightbox-trigger\"\n\t\t\ttype=\"button\"\n\t\t\taria-haspopup=\"dialog\"\n\t\t\taria-label=\"Agrandar\"\n\t\t\tdata-wp-init=\"callbacks.initTriggerButton\"\n\t\t\tdata-wp-on--click=\"actions.showLightbox\"\n\t\t\tdata-wp-style--right=\"state.imageButtonRight\"\n\t\t\tdata-wp-style--top=\"state.imageButtonTop\"\n\t\t>\n\t\t\t<svg xmlns=\"http:\/\/www.w3.org\/2000\/svg\" width=\"12\" height=\"12\" fill=\"none\" viewBox=\"0 0 12 12\">\n\t\t\t\t<path fill=\"#fff\" d=\"M2 0a2 2 0 0 0-2 2v2h1.5V2a.5.5 0 0 1 .5-.5h2V0H2Zm2 10.5H2a.5.5 0 0 1-.5-.5V8H0v2a2 2 0 0 0 2 2h2v-1.5ZM8 12v-1.5h2a.5.5 0 0 0 .5-.5V8H12v2a2 2 0 0 1-2 2H8Zm2-12a2 2 0 0 1 2 2v2h-1.5V2a.5.5 0 0 0-.5-.5H8V0h2Z\" \/>\n\t\t\t<\/svg>\n\t\t<\/button><\/figure>\n\n\n\n<figure data-wp-context=\"{&quot;imageId&quot;:&quot;69d77e71c87cc&quot;}\" data-wp-interactive=\"core\/image\" data-wp-key=\"69d77e71c87cc\" class=\"wp-block-image size-full is-style-default wp-lightbox-container\"><img decoding=\"async\" width=\"428\" height=\"313\" data-wp-class--hide=\"state.isContentHidden\" data-wp-class--show=\"state.isContentVisible\" data-wp-init=\"callbacks.setButtonStyles\" data-wp-on--click=\"actions.showLightbox\" data-wp-on--load=\"callbacks.setButtonStyles\" data-wp-on-window--resize=\"callbacks.setButtonStyles\" data-id=\"1081\" src=\"http:\/\/lq4d.ddns.net\/wp\/wp-content\/uploads\/2024\/04\/curso-cw-1.jpg\" alt=\"\" class=\"wp-image-1081\"\/><button\n\t\t\tclass=\"lightbox-trigger\"\n\t\t\ttype=\"button\"\n\t\t\taria-haspopup=\"dialog\"\n\t\t\taria-label=\"Agrandar\"\n\t\t\tdata-wp-init=\"callbacks.initTriggerButton\"\n\t\t\tdata-wp-on--click=\"actions.showLightbox\"\n\t\t\tdata-wp-style--right=\"state.imageButtonRight\"\n\t\t\tdata-wp-style--top=\"state.imageButtonTop\"\n\t\t>\n\t\t\t<svg xmlns=\"http:\/\/www.w3.org\/2000\/svg\" width=\"12\" height=\"12\" fill=\"none\" viewBox=\"0 0 12 12\">\n\t\t\t\t<path fill=\"#fff\" d=\"M2 0a2 2 0 0 0-2 2v2h1.5V2a.5.5 0 0 1 .5-.5h2V0H2Zm2 10.5H2a.5.5 0 0 1-.5-.5V8H0v2a2 2 0 0 0 2 2h2v-1.5ZM8 12v-1.5h2a.5.5 0 0 0 .5-.5V8H12v2a2 2 0 0 1-2 2H8Zm2-12a2 2 0 0 1 2 2v2h-1.5V2a.5.5 0 0 0-.5-.5H8V0h2Z\" \/>\n\t\t\t<\/svg>\n\t\t<\/button><\/figure>\n<\/figure>\n<\/div><\/div>\n\n\n\n<hr class=\"wp-block-separator has-alpha-channel-opacity is-style-wide\"\/>\n","protected":false},"excerpt":{"rendered":"","protected":false},"author":2,"featured_media":116,"parent":0,"menu_order":0,"comment_status":"closed","ping_status":"closed","template":"","meta":{"_bbp_topic_count":0,"_bbp_reply_count":0,"_bbp_total_topic_count":0,"_bbp_total_reply_count":0,"_bbp_voice_count":0,"_bbp_anonymous_reply_count":0,"_bbp_topic_count_hidden":0,"_bbp_reply_count_hidden":0,"_bbp_forum_subforum_count":0,"footnotes":""},"class_list":["post-114","page","type-page","status-publish","has-post-thumbnail","hentry"],"yoast_head":"<!-- This site is optimized with the Yoast SEO plugin v26.6 - https:\/\/yoast.com\/wordpress\/plugins\/seo\/ -->\n<title>Cursos - Radio Club Quilmes | LU4DQ - LQ4D<\/title>\n<meta name=\"robots\" content=\"index, follow, max-snippet:-1, max-image-preview:large, max-video-preview:-1\" \/>\n<link rel=\"canonical\" href=\"https:\/\/lq4d.ddns.net\/?page_id=114\" \/>\n<meta property=\"og:locale\" content=\"es_ES\" \/>\n<meta property=\"og:type\" content=\"article\" \/>\n<meta property=\"og:title\" content=\"Cursos - Radio Club Quilmes | LU4DQ - LQ4D\" \/>\n<meta property=\"og:url\" content=\"https:\/\/lq4d.ddns.net\/?page_id=114\" \/>\n<meta property=\"og:site_name\" content=\"Radio Club Quilmes | LU4DQ - LQ4D\" \/>\n<meta property=\"article:publisher\" content=\"https:\/\/www.facebook.com\/groups\/LU4DQ\" \/>\n<meta property=\"article:modified_time\" content=\"2025-04-03T18:05:12+00:00\" \/>\n<meta property=\"og:image\" content=\"https:\/\/lq4d.ddns.net\/wp-content\/uploads\/2024\/02\/curso2023.jpg\" \/>\n\t<meta property=\"og:image:width\" content=\"1001\" \/>\n\t<meta property=\"og:image:height\" content=\"572\" \/>\n\t<meta property=\"og:image:type\" content=\"image\/jpeg\" \/>\n<meta name=\"twitter:card\" content=\"summary_large_image\" \/>\n<meta name=\"twitter:site\" content=\"@lu4dq\" \/>\n<script type=\"application\/ld+json\" class=\"yoast-schema-graph\">{\"@context\":\"https:\/\/schema.org\",\"@graph\":[{\"@type\":\"WebPage\",\"@id\":\"https:\/\/lq4d.ddns.net\/?page_id=114\",\"url\":\"https:\/\/lq4d.ddns.net\/?page_id=114\",\"name\":\"Cursos - Radio Club Quilmes | LU4DQ - LQ4D\",\"isPartOf\":{\"@id\":\"https:\/\/lq4d.ddns.net\/#website\"},\"primaryImageOfPage\":{\"@id\":\"https:\/\/lq4d.ddns.net\/?page_id=114#primaryimage\"},\"image\":{\"@id\":\"https:\/\/lq4d.ddns.net\/?page_id=114#primaryimage\"},\"thumbnailUrl\":\"https:\/\/lq4d.ddns.net\/wp-content\/uploads\/2024\/02\/curso2023.jpg\",\"datePublished\":\"2024-02-28T20:29:32+00:00\",\"dateModified\":\"2025-04-03T18:05:12+00:00\",\"breadcrumb\":{\"@id\":\"https:\/\/lq4d.ddns.net\/?page_id=114#breadcrumb\"},\"inLanguage\":\"es-AR\",\"potentialAction\":[{\"@type\":\"ReadAction\",\"target\":[\"https:\/\/lq4d.ddns.net\/?page_id=114\"]}]},{\"@type\":\"ImageObject\",\"inLanguage\":\"es-AR\",\"@id\":\"https:\/\/lq4d.ddns.net\/?page_id=114#primaryimage\",\"url\":\"https:\/\/lq4d.ddns.net\/wp-content\/uploads\/2024\/02\/curso2023.jpg\",\"contentUrl\":\"https:\/\/lq4d.ddns.net\/wp-content\/uploads\/2024\/02\/curso2023.jpg\",\"width\":1001,\"height\":572},{\"@type\":\"BreadcrumbList\",\"@id\":\"https:\/\/lq4d.ddns.net\/?page_id=114#breadcrumb\",\"itemListElement\":[{\"@type\":\"ListItem\",\"position\":1,\"name\":\"Inicio\",\"item\":\"https:\/\/lq4d.ddns.net\/\"},{\"@type\":\"ListItem\",\"position\":2,\"name\":\"Cursos\"}]},{\"@type\":\"WebSite\",\"@id\":\"https:\/\/lq4d.ddns.net\/#website\",\"url\":\"https:\/\/lq4d.ddns.net\/\",\"name\":\"Radio Club Quilmes | LU4DQ - LQ4D\",\"description\":\"Desde 1949 Formando Radioaficionados\",\"publisher\":{\"@id\":\"https:\/\/lq4d.ddns.net\/#organization\"},\"potentialAction\":[{\"@type\":\"SearchAction\",\"target\":{\"@type\":\"EntryPoint\",\"urlTemplate\":\"https:\/\/lq4d.ddns.net\/?s={search_term_string}\"},\"query-input\":{\"@type\":\"PropertyValueSpecification\",\"valueRequired\":true,\"valueName\":\"search_term_string\"}}],\"inLanguage\":\"es-AR\"},{\"@type\":\"Organization\",\"@id\":\"https:\/\/lq4d.ddns.net\/#organization\",\"name\":\"Radio Club Quilmes | LU4DQ - LQ4D\",\"url\":\"https:\/\/lq4d.ddns.net\/\",\"logo\":{\"@type\":\"ImageObject\",\"inLanguage\":\"es-AR\",\"@id\":\"https:\/\/lq4d.ddns.net\/#\/schema\/logo\/image\/\",\"url\":\"https:\/\/lq4d.ddns.net\/wp-content\/uploads\/2024\/03\/LU4DQ.png\",\"contentUrl\":\"https:\/\/lq4d.ddns.net\/wp-content\/uploads\/2024\/03\/LU4DQ.png\",\"width\":304,\"height\":306,\"caption\":\"Radio Club Quilmes | LU4DQ - LQ4D\"},\"image\":{\"@id\":\"https:\/\/lq4d.ddns.net\/#\/schema\/logo\/image\/\"},\"sameAs\":[\"https:\/\/www.facebook.com\/groups\/LU4DQ\",\"https:\/\/x.com\/lu4dq\",\"https:\/\/www.instagram.com\/radioclubquilmes\/\"]}]}<\/script>\n<!-- \/ Yoast SEO plugin. -->","yoast_head_json":{"title":"Cursos - Radio Club Quilmes | LU4DQ - LQ4D","robots":{"index":"index","follow":"follow","max-snippet":"max-snippet:-1","max-image-preview":"max-image-preview:large","max-video-preview":"max-video-preview:-1"},"canonical":"https:\/\/lq4d.ddns.net\/?page_id=114","og_locale":"es_ES","og_type":"article","og_title":"Cursos - Radio Club Quilmes | LU4DQ - LQ4D","og_url":"https:\/\/lq4d.ddns.net\/?page_id=114","og_site_name":"Radio Club Quilmes | LU4DQ - LQ4D","article_publisher":"https:\/\/www.facebook.com\/groups\/LU4DQ","article_modified_time":"2025-04-03T18:05:12+00:00","og_image":[{"width":1001,"height":572,"url":"https:\/\/lq4d.ddns.net\/wp-content\/uploads\/2024\/02\/curso2023.jpg","type":"image\/jpeg"}],"twitter_card":"summary_large_image","twitter_site":"@lu4dq","schema":{"@context":"https:\/\/schema.org","@graph":[{"@type":"WebPage","@id":"https:\/\/lq4d.ddns.net\/?page_id=114","url":"https:\/\/lq4d.ddns.net\/?page_id=114","name":"Cursos - Radio Club Quilmes | LU4DQ - LQ4D","isPartOf":{"@id":"https:\/\/lq4d.ddns.net\/#website"},"primaryImageOfPage":{"@id":"https:\/\/lq4d.ddns.net\/?page_id=114#primaryimage"},"image":{"@id":"https:\/\/lq4d.ddns.net\/?page_id=114#primaryimage"},"thumbnailUrl":"https:\/\/lq4d.ddns.net\/wp-content\/uploads\/2024\/02\/curso2023.jpg","datePublished":"2024-02-28T20:29:32+00:00","dateModified":"2025-04-03T18:05:12+00:00","breadcrumb":{"@id":"https:\/\/lq4d.ddns.net\/?page_id=114#breadcrumb"},"inLanguage":"es-AR","potentialAction":[{"@type":"ReadAction","target":["https:\/\/lq4d.ddns.net\/?page_id=114"]}]},{"@type":"ImageObject","inLanguage":"es-AR","@id":"https:\/\/lq4d.ddns.net\/?page_id=114#primaryimage","url":"https:\/\/lq4d.ddns.net\/wp-content\/uploads\/2024\/02\/curso2023.jpg","contentUrl":"https:\/\/lq4d.ddns.net\/wp-content\/uploads\/2024\/02\/curso2023.jpg","width":1001,"height":572},{"@type":"BreadcrumbList","@id":"https:\/\/lq4d.ddns.net\/?page_id=114#breadcrumb","itemListElement":[{"@type":"ListItem","position":1,"name":"Inicio","item":"https:\/\/lq4d.ddns.net\/"},{"@type":"ListItem","position":2,"name":"Cursos"}]},{"@type":"WebSite","@id":"https:\/\/lq4d.ddns.net\/#website","url":"https:\/\/lq4d.ddns.net\/","name":"Radio Club Quilmes | LU4DQ - LQ4D","description":"Desde 1949 Formando Radioaficionados","publisher":{"@id":"https:\/\/lq4d.ddns.net\/#organization"},"potentialAction":[{"@type":"SearchAction","target":{"@type":"EntryPoint","urlTemplate":"https:\/\/lq4d.ddns.net\/?s={search_term_string}"},"query-input":{"@type":"PropertyValueSpecification","valueRequired":true,"valueName":"search_term_string"}}],"inLanguage":"es-AR"},{"@type":"Organization","@id":"https:\/\/lq4d.ddns.net\/#organization","name":"Radio Club Quilmes | LU4DQ - LQ4D","url":"https:\/\/lq4d.ddns.net\/","logo":{"@type":"ImageObject","inLanguage":"es-AR","@id":"https:\/\/lq4d.ddns.net\/#\/schema\/logo\/image\/","url":"https:\/\/lq4d.ddns.net\/wp-content\/uploads\/2024\/03\/LU4DQ.png","contentUrl":"https:\/\/lq4d.ddns.net\/wp-content\/uploads\/2024\/03\/LU4DQ.png","width":304,"height":306,"caption":"Radio Club Quilmes | LU4DQ - LQ4D"},"image":{"@id":"https:\/\/lq4d.ddns.net\/#\/schema\/logo\/image\/"},"sameAs":["https:\/\/www.facebook.com\/groups\/LU4DQ","https:\/\/x.com\/lu4dq","https:\/\/www.instagram.com\/radioclubquilmes\/"]}]}},"_links":{"self":[{"href":"https:\/\/lq4d.ddns.net\/index.php?rest_route=\/wp\/v2\/pages\/114","targetHints":{"allow":["GET"]}}],"collection":[{"href":"https:\/\/lq4d.ddns.net\/index.php?rest_route=\/wp\/v2\/pages"}],"about":[{"href":"https:\/\/lq4d.ddns.net\/index.php?rest_route=\/wp\/v2\/types\/page"}],"author":[{"embeddable":true,"href":"https:\/\/lq4d.ddns.net\/index.php?rest_route=\/wp\/v2\/users\/2"}],"replies":[{"embeddable":true,"href":"https:\/\/lq4d.ddns.net\/index.php?rest_route=%2Fwp%2Fv2%2Fcomments&post=114"}],"version-history":[{"count":17,"href":"https:\/\/lq4d.ddns.net\/index.php?rest_route=\/wp\/v2\/pages\/114\/revisions"}],"predecessor-version":[{"id":3333,"href":"https:\/\/lq4d.ddns.net\/index.php?rest_route=\/wp\/v2\/pages\/114\/revisions\/3333"}],"wp:featuredmedia":[{"embeddable":true,"href":"https:\/\/lq4d.ddns.net\/index.php?rest_route=\/wp\/v2\/media\/116"}],"wp:attachment":[{"href":"https:\/\/lq4d.ddns.net\/index.php?rest_route=%2Fwp%2Fv2%2Fmedia&parent=114"}],"curies":[{"name":"wp","href":"https:\/\/api.w.org\/{rel}","templated":true}]}}